{"id":910,"date":"2025-04-19T09:49:46","date_gmt":"2025-04-19T07:49:46","guid":{"rendered":"https:\/\/atelier-sere.de\/?page_id=910"},"modified":"2025-04-19T09:49:46","modified_gmt":"2025-04-19T07:49:46","slug":"ueber-uns","status":"publish","type":"page","link":"https:\/\/atelier-sere.de\/?page_id=910","title":{"rendered":"\u00dcber uns"},"content":{"rendered":"\n<p><\/p>\n\n\n\n<p><strong>Andrea Stelzer<\/strong><\/p>\n\n\n\n<p>Mein Wunsch zu malen und das auch gut zu machen entstand eines Tages im Dachboden meines Elternhauses. <\/p>\n\n\n\n<p>In einer Truhe fand ich Bilder meines Vaters. Ich wusste bis zu diesem Zeitpunkt nicht, dass mein Vater dieses Talent hatte. Besonders angetan hat es mir ein Fr\u00fchlingsbild einer Gruppe Birken mit Bank, das ich leider nicht mehr habe. Der Verdacht, dass ich das Talent vielleicht geerbt haben k\u00f6nnte, entstand in diesem Moment. <\/p>\n\n\n\n<p>Das Leben verhinderte, dass ich sofort damit beginnen konnte. Um das Jahr 2000 habe ich dann tats\u00e4chlich gestartet, Kurse zu besuchen, mich zu bilden und zu malen. Und ich bin angekommen, wenn ich male, vergesse ich die Welt um mich herum.<\/p>\n\n\n\n<p><\/p>\n\n\n\n<p><\/p>\n\n\n\n<p><\/p>\n\n\n\n<p><\/p>\n\n\n\n<p><strong>Sabine R\u00fcdiger<\/strong><\/p>\n\n\n\n<p>In meinen jungen Jahren habe ich gerne gemalt. Als Karosseriebauerin hatte ich dann ,wenig Ber\u00fchrungspunkte zur Malerei und einfach keine Zeit daf\u00fcr.<\/p>\n\n\n\n<p>In meiner T\u00e4tigkeit als Autolackiererin habe ich 1993 2 Tage ein Airbrush Seminar besucht .Von da an ,hat mich die Malerei in Ihren Bann gezogen und nicht mehr los gelassen .<\/p>\n\n\n\n<p>Sie ist ein st\u00e4ndiger Begleiter meines Lebens geworden. Im laufe der Jahre habe ich die verschiedensten Kurse besucht. um mich k\u00fcnstlerisch weiter zu bilden.<\/p>\n\n\n\n<p>Viele Motive haben ihren Ursprung aus der Natur wo ich diese Momente mit der Kamera festhalte, um sie sp\u00e4ter als Ged\u00e4chtnisst\u00fctze und Anregung zu verwenden.<\/p>\n","protected":false},"excerpt":{"rendered":"<p>Andrea Stelzer Mein Wunsch zu malen und das auch gut zu machen entstand eines Tages im Dachboden meines Elternhauses. In einer Truhe fand ich Bilder meines Vaters. Ich wusste bis zu diesem Zeitpunkt nicht, dass mein Vater dieses Talent hatte. Besonders angetan hat es mir ein Fr\u00fchlingsbild einer Gruppe Birken mit Bank, das ich leider [&hellip;]<\/p>\n","protected":false},"author":2,"featured_media":0,"parent":0,"menu_order":0,"comment_status":"closed","ping_status":"closed","template":"","meta":{"footnotes":""},"_links":{"self":[{"href":"https:\/\/atelier-sere.de\/index.php?rest_route=\/wp\/v2\/pages\/910"}],"collection":[{"href":"https:\/\/atelier-sere.de\/index.php?rest_route=\/wp\/v2\/pages"}],"about":[{"href":"https:\/\/atelier-sere.de\/index.php?rest_route=\/wp\/v2\/types\/page"}],"author":[{"embeddable":true,"href":"https:\/\/atelier-sere.de\/index.php?rest_route=\/wp\/v2\/users\/2"}],"replies":[{"embeddable":true,"href":"https:\/\/atelier-sere.de\/index.php?rest_route=%2Fwp%2Fv2%2Fcomments&post=910"}],"version-history":[{"count":3,"href":"https:\/\/atelier-sere.de\/index.php?rest_route=\/wp\/v2\/pages\/910\/revisions"}],"predecessor-version":[{"id":913,"href":"https:\/\/atelier-sere.de\/index.php?rest_route=\/wp\/v2\/pages\/910\/revisions\/913"}],"wp:attachment":[{"href":"https:\/\/atelier-sere.de\/index.php?rest_route=%2Fwp%2Fv2%2Fmedia&parent=910"}],"curies":[{"name":"wp","href":"https:\/\/api.w.org\/{rel}","templated":true}]}}