{"id":11,"date":"2016-10-13T08:37:29","date_gmt":"2016-10-13T06:37:29","guid":{"rendered":"http:\/\/atelier-sere.de\/?page_id=11"},"modified":"2025-03-19T22:08:54","modified_gmt":"2025-03-19T21:08:54","slug":"impressum-und-datenschutzerklaerung","status":"publish","type":"page","link":"https:\/\/atelier-sere.de\/?page_id=11","title":{"rendered":"Impressum und Datenschutzerkl\u00e4rung"},"content":{"rendered":"<h1>Impressum<\/h1>\n<p>Sabine R\u00fcdiger<br \/>\nSallegg 16<br \/>\n8524 Bad Gams\u00a0 \u00a0\u00d6sterreich<\/p>\n<p>0043 677 64283708<br \/>\n<a href=\"mailto:Atelier.sere@gmail.com\" target=\"_blank\" rel=\"noopener noreferrer\">Atelier.sere@gmail.com<\/a><\/p>\n<h1>Disclaimer &#8211; rechtliche Hinweise<\/h1>\n<p><strong>Auskunfts- und Widerrufsrecht<\/strong><\/p>\n<p>Sie haben jederzeit das Recht, sich unentgeltlich und unverz\u00fcglich \u00fcber die zu Ihrer Person erhobenen Daten\u00a0zu erkundigen. Ebenfalls k\u00f6nnen Sie Ihre Zustimmung zur Verwendung Ihrer angegebenen pers\u00f6nlichen Daten mit\u00a0Wirkung f\u00fcr die Zukunft widerrufen. Hierf\u00fcr wenden Sie sich bitte an den im Impressum angegebenen\u00a0Diensteanbieter.<\/p>\n<p><strong>Datenschutz (allgemein)<\/strong><\/p>\n<p>Die Nutzung der Webseite ist grunds\u00e4tzlich ohne Angabe personenbezogener Daten m\u00f6glich. Soweit\u00a0personenbezogene Daten (beispielsweise Name, Anschrift oder E-Mail-Adressen) erhoben werden, erfolgt dies, soweit\u00a0m\u00f6glich, stets auf freiwilliger Basis. Diese Daten werden ohne Ihre ausdr\u00fcckliche Zustimmung nicht an Dritte\u00a0weitergegeben.<\/p>\n<p>Sofern ein Vertragsverh\u00e4ltnis begr\u00fcndet, inhaltlich ausgestaltet oder ge\u00e4ndert werden soll oder Sie an\u00a0uns eine Anfrage stellen, erheben und verwenden wir personenbezogene Daten von Ihnen, soweit dies zu diesem Zwecke\u00a0erforderlich ist (Bestandsdaten). Wir erheben, verarbeiten und nutzen personenbezogene Daten soweit dies erforderlich\u00a0ist, um Ihnen die Inanspruchnahme des Webangebots zu erm\u00f6glichen (Nutzungsdaten). S\u00e4mtliche personenbezogenen\u00a0Daten werden nur solange gespeichert wie dies f\u00fcr den genannten Zweck (Bearbeitung Ihrer Anfrage oder Abwicklung\u00a0eines Vertrags) erforderlich ist. Hierbei werden steuer- und handelsrechtliche Aufbewahrungsfristen von uns\u00a0ber\u00fccksichtigt. Auf Anordnung der zust\u00e4ndigen Stellen m\u00fcssen wir im Einzelfall Auskunft \u00fcber diese\u00a0Daten (Bestandsdaten) erteilen, soweit dies f\u00fcr Zwecke der Strafverfolgung, zur Gefahrenabwehr, zur Erf\u00fcllung\u00a0der gesetzlichen Aufgaben der Verfassungsschutzbeh\u00f6rden oder des Milit\u00e4rischen Abschirmdienstes oder zur\u00a0Durchsetzung der Rechte am geistigen Eigentum erforderlich ist.<\/p>\n<p>Wir weisen ausdr\u00fccklich darauf hin, dass die Daten\u00fcbertragung im Internet (z. B. bei der Kommunikation per\u00a0E-Mail) Sicherheitsl\u00fccken aufweisen kann. Vor dem Zugriff auf Daten kann nicht l\u00fcckenlos gesch\u00fctzt<br \/>\nwerden.<\/p>\n<p>Die Nutzung von im Rahmen der Impressumspflicht ver\u00f6ffentlichten Kontaktdaten durch Dritte zur \u00dcbersendung\u00a0von nicht ausdr\u00fccklich angeforderter Werbung und Informationsmaterialien wird hiermit ausdr\u00fccklich untersagt.\u00a0Ausgenommen hiervon sind bestehende Gesch\u00e4ftsbeziehungen bzw. es liegt Ihnen eine entsprechende Einwilligung von uns\u00a0vor.<\/p>\n<p>Die Anbieter und alle auf dieser Website genannten Dritten behalten sich ausdr\u00fccklich rechtliche Schritte im\u00a0Falle der unverlangten Zusendung von Werbeinformationen vor. Gleiches gilt f\u00fcr die kommerzielle Verwendung und\u00a0Weitergabe der Daten.<\/p>\n<p><strong>Datenschutz (Kommentarfunktion)<\/strong><\/p>\n<p>Im Rahmen der Kommentarfunktion unseres Blogs erheben wir personenbezogene Daten (z. B. Name, E-Mail) im Rahmen Ihrer\u00a0Kommentierung zu einem Beitrag nur in dem Umfang wie Sie ihn uns mitgeteilt haben. Bei der Ver\u00f6ffentlichung eines\u00a0Kommentars wird die von Ihnen angegebene Email-Adresse gespeichert, aber nicht ver\u00f6ffentlicht. Ihr angegebener Name\u00a0wird ver\u00f6ffentlich. Sie k\u00f6nnen auch ein Pseudonym benutzen.<\/p>\n<p><strong>Datenschutzerkl\u00e4rung Facebook-Plugins (Like\/ Gef\u00e4llt mir-Button etc.)<\/strong><\/p>\n<p>Auf dieser Website sind Plugins des Social-Media-Anbieters Facebook.com (f\u00fcr Europa: Facebook Irland Limited, 4\u00a0Grand Canal Square, Dublin 2, Ireland; f\u00fcr die USA: Facebook Inc., 1601 Willow Road, Menlo Park, CA 94025, USA),\u00a0implementiert. Eine \u00dcbersicht der Facebook-Plugins finden Sie hier: <a href=\"https:\/\/developers.facebook.com\/docs\/plugins\/\" target=\"_blank\" rel=\"noopener noreferrer\">https:\/\/developers.facebook.com\/docs\/plugins\/<\/a>.<\/p>\n<p>Durch Ihren Besuch auf Seiten mit Facebook-Plugins, wird durch das Plugin eine Verbindung zwischen Ihrem Browser und\u00a0einem Server von Facebook hergestellt. Hierdurch erh\u00e4lt Facebook Informationen zu Ihrer IP-Adresse und dem Besuch\u00a0auf unserer Website.<\/p>\n<p>Durch Anklicken der Facebook-Plugins gelangen Sie zum Login-Bereich von Facebook. Bereits eingeloggte Facebook-Nutzer\u00a0k\u00f6nnen sofort Inhalte unserer Website auf ihren Facebook-Profilen ver\u00f6ffentlichen. Infolge der Nutzung dieser\u00a0Plugins kann Facebook den Besuch unserer Website Ihrem pers\u00f6nlichen Benutzerkonto zuordnen. Wir weisen\u00a0ausdr\u00fccklich darauf hin, dass wir als Anbieter dieser Internetseiten keine Kenntnis vom Inhalt der\u00a0\u00fcbermittelten Daten sowie deren Nutzung durch Facebook erhalten. Weitere Informationen zum Datenschutz durch\u00a0Facebook erhalten Sie unter: <a href=\"https:\/\/de-de.facebook.com\/policy.php\" target=\"_blank\" rel=\"noopener noreferrer\">https:\/\/de-de.facebook.com\/policy.php<\/a>.<\/p>\n<p>Um eine Zuordnung durch Facebook zwischen Ihrem Besuch auf unserer Website zu Ihrem Benutzerkonto zu verhindern,\u00a0m\u00fcssen Sie sich aus Ihrem Facebook-Account ausloggen.<\/p>\n<p><strong>Datenschutzerkl\u00e4rung Twitter<\/strong><\/p>\n<p>Auf dieser Seite sind Plugins des Messenagerdienstes Twitter (Twitter Inc., 1355 Market Street, Suite 900, San\u00a0Francisco, CA 94103, USA) implementiert. Durch das Nutzen des Plugins werden die von Ihnen besuchten Websites mit Ihrem\u00a0Twitter-Profil verkn\u00fcpft und ver\u00f6ffentlicht. Hierbei werden auch Daten an Twitter \u00fcbertragen. Wir weisen\u00a0ausdr\u00fccklich darauf hin, dass wir als Anbieter dieser Internetseiten keine Kenntnis vom Inhalt der<br \/>\n\u00fcbermittelten Daten sowie deren Nutzung durch Twitter erhalten. Weitere Informationen zum Datenschutz durch Twitter\u00a0erhalten Sie unter: <a href=\"https:\/\/twitter.com\/privacy\" target=\"_blank\" rel=\"noopener noreferrer\">https:\/\/twitter.com\/privacy<\/a>.<\/p>\n<p>Die Datenschutzeinstellungen von Twitter k\u00f6nnen Sie in Ihrem Twitter-Account \u00e4ndern: <a href=\"https:\/\/twitter.com\/login?redirect_after_login=%2Faccount%2Fsettings\" target=\"_blank\" rel=\"noopener noreferrer\">https:\/\/twitter.com\/login?redirect_after_login=%2Faccount%2Fsettings<\/a><\/p>\n<p><strong>Google Analytics<\/strong><\/p>\n<p>Diese Website benutzt Google Analytics, einen Webanalysedienst der Google Inc. (&#8220;Google&#8221;), 1600 Amphitheatre Parkway,\u00a0Mountain View, CA 94043, USA. Google Analytics verwendet sog. &#8220;Cookies&#8221; (Textdateien), die auf Ihrem Computer gespeichert\u00a0werden und die eine Analyse der Benutzung der Website durch Sie erm\u00f6glichen. Die durch das Cookie erzeugten\u00a0Informationen \u00fcber Ihre Benutzung dieser Website werden in der Regel an einen Server von Google in den USA\u00a0\u00fcbertragen und dort gespeichert. Im Falle der Aktivierung der IP-Anonymisierung auf dieser Website, wird Ihre\u00a0IP-Adresse von Google jedoch innerhalb von Mitgliedstaaten der Europ\u00e4ischen Union oder in anderen Vertragsstaaten\u00a0des Abkommens \u00fcber den Europ\u00e4ischen Wirtschaftsraum zuvor gek\u00fcrzt. Nur in Ausnahmef\u00e4llen wird die\u00a0vollst\u00e4ndige IP-Adresse an einen Server von Google in den USA \u00fcbertragen und dort anonymisiert. Im Auftrag des\u00a0Betreibers dieser Website wird Google diese Informationen benutzen, um Ihre Nutzung der Website auszuwerten, um Reports\u00a0\u00fcber die Websiteaktivit\u00e4ten zusammenzustellen und um weitere mit der Websitenutzung und der Internetnutzung \u00a0verbundene Dienstleistungen gegen\u00fcber dem Websitebetreiber zu erbringen. Die im Rahmen von Google Analytics von\u00a0Ihrem Browser \u00fcbermittelte IP-Adresse wird nicht mit anderen Daten von Google zusammengef\u00fchrt.<\/p>\n<p>Sie k\u00f6nnen die Speicherung der Cookies durch eine entsprechende Einstellung Ihrer Browser-Software verhindern;\u00a0wir weisen Sie jedoch darauf hin, dass Sie in diesem Fall gegebenenfalls nicht s\u00e4mtliche Funktionen dieser Website\u00a0vollumf\u00e4nglich nutzen k\u00f6nnen. Sie k\u00f6nnen dar\u00fcber hinaus die Erfassung der durch das Cookie erzeugten\u00a0und auf Ihre Nutzung der Website bezogenen Daten (inkl. Ihrer IP-Adresse) an Google sowie die Verarbeitung dieser Daten\u00a0durch Google verhindern, indem sie das unter dem folgenden Link verf\u00fcgbare Browser-Add-on herunterladen und\u00a0installieren: <a href=\"http:\/\/tools.google.com\/dlpage\/gaoptout?hl=de\" target=\"_blank\" rel=\"noopener noreferrer\">http:\/\/tools.google.com\/dlpage\/gaoptout?hl=de<\/a>. Das\u00a0Browser-Add-on zur Deaktivierung von Google Analytics ist mit Chrome, Internet Explorer 8 bis 11, Safari, Firefox und\u00a0Opera kompatibel.<\/p>\n<p>Weitere Informationen zu Nutzungsbedingungen und Datenschutz finden Sie unter folgenden Links: <a href=\"http:\/\/www.google.com\/analytics\/terms\/de.html\" target=\"_blank\" rel=\"noopener noreferrer\">http:\/\/www.google.com\/analytics\/terms\/de.html<\/a> und <a href=\"https:\/\/www.google.de\/intl\/de\/policies\/\" target=\"_blank\" rel=\"noopener noreferrer\">https:\/\/www.google.de\/intl\/de\/policies\/<\/a>.<\/p>\n<p><strong>Google Adsense<\/strong><\/p>\n<p>Diese Website benutzt Google Adsense, einen Werbeanzeigendienst der Google Inc. (&#8220;Google&#8221;), 1600 Amphitheatre Parkway,\u00a0Mountain View, CA 94043, USA. Google Adsense verwendet sog. &#8220;Cookies&#8221; (Textdateien), die auf Ihrem Computer gespeichert\u00a0werden und die eine Analyse der Benutzung der Website durch Sie erm\u00f6glichen. F\u00fcr die Auswertung verwendet\u00a0Google Adsense zus\u00e4tzlich sog. &#8220;Web Beacons&#8221; (kleine unsichtbare Grafiken), welche z. B. Informationen wie den\u00a0Besucherverkehr auf der Seite erzeugen. Diese gesammelten Informationen (einschlie\u00dflich Ihrer IP-Adresse) werden in\u00a0der Regel an einen Server von Google in den USA \u00fcbertragen und dort gespeichert. Die Informationen verwendet Google,\u00a0um Ihre Nutzung der Website im Hinblick auf die Werbeanzeigen zu analysieren und so Auswertungen \u00fcber die\u00a0Websiteaktivit\u00e4ten und Werbeanzeigen f\u00fcr die Betreiber der Website vornehmen zu k\u00f6nnen sowie weitere\u00a0Dienstleistungen in Bezug auf die Websitenutzung und Internetnutzung erbringen zu k\u00f6nnen. Die von Google gesammelten\u00a0Informationen k\u00f6nnen an Dritte, durch Vertrag oder durch gesetzliche Vorschriften, von Google weitergegeben werden.\u00a0Google wird Ihre IP-Adresse nicht mit anderen von Ihnen gespeicherten Daten verkn\u00fcpfen.\u00a0Sie k\u00f6nnen die Speicherung der Cookies und die Anzeige der Web Beacons durch eine entsprechende Einstellung Ihrer\u00a0Browser-Software verhindern; wir weisen Sie jedoch darauf hin, dass Sie in diesem Fall gegebenenfalls nicht\u00a0s\u00e4mtliche Funktionen dieser Website vollumf\u00e4nglich nutzen k\u00f6nnen.<\/p>\n<p>Durch die Nutzung dieser Website erkl\u00e4ren Sie sich mit der Bearbeitung der \u00fcber Sie erhobenen Daten durch\u00a0Google in der zuvor beschriebenen Art und Weise und zu dem zuvor benannten Zweck einverstanden.<\/p>\n<p><strong>Datenschutzerkl\u00e4rung Google Plus<\/strong><\/p>\n<p>Auf dieser Website sind Plugins (&#8220;g+1&#8221; etc.) des Social-Networks Google Plus der Google Inc. (&#8220;Google&#8221;), 1600\u00a0Amphitheatre Parkway, Mountain View, CA 94043, USA implementiert. Die +1 Schaltfl\u00e4che erm\u00f6glicht es Ihnen als<br \/>\nregistrierter Google-Plus-Nutzer Ihr Interesse an unseren Webinhalten bei Google Plus zu ver\u00f6ffentlichen. Bei\u00a0Benutzung der Schaltfl\u00e4che speichert Google die Information, dass Sie f\u00fcr einen bestimmten Webinhalt ein &#8220;+1&#8221;\u00a0gegeben haben sowie Informationen \u00fcber die Site, die sich angesehen haben. Die von Ihnen vergebenen &#8220;+1&#8221; k\u00f6nnen\u00a0zusammen mit Ihren Angaben Ihres Benutzerprofils bei Google (ggf. auch mit Ihrem Namen und Foto) bei Google Plus und\u00a0anderen Google-Diensten ausgegeben werden. Weitere Informationen zur Datenerhebung, der Verarbeitung und Nutzung der\u00a0Daten sowie zum Datenschutz durch Google erhalten Sie unter: <a href=\"https:\/\/www.google.com\/intl\/de\/policies\/privacy\/\" target=\"_blank\" rel=\"noopener noreferrer\">https:\/\/www.google.com\/intl\/de\/policies\/privacy\/<\/a>.<\/p>\n<p><strong>Datenschutzerkl\u00e4rung Google Remarketing und \u00e4hnliche Zielgruppen<\/strong><\/p>\n<p>Auf dieser Website sind Plugins f\u00fcr die Google Remarketing bzw. \u00e4hnliche Zielgruppen Funktionen der Google\u00a0Inc. (&#8220;Google&#8221;), 1600 Amphitheatre Parkway, Mountain View, CA 94043, USA implementiert. Hierf\u00fcr werden sog.\u00a0&#8220;Cookies&#8221; (Textdateien), die auf Ihrem Computer gespeichert werden und die eine Analyse der Benutzung der Website durch\u00a0Sie erm\u00f6glichen, verwendet. Die durch das Cookie erzeugten Informationen \u00fcber Ihre Benutzung dieser Website\u00a0werden in der Regel an einen Server von Google in den USA \u00fcbertragen und dort gespeichert. Es ist somit\u00a0m\u00f6glich, sie auf anderen Websites im &#8220;Google Display-Netzwerk&#8221; zielgerichtet mit personalisierter und\u00a0interessensbezogener Anzeigenwerbung anzusprechen. Sie k\u00f6nnen die Speicherung der Cookies durch eine entsprechende\u00a0Einstellung Ihrer Browser-Software verhindern; wir weisen Sie jedoch darauf hin, dass Sie in diesem Fall gegebenenfalls\u00a0nicht s\u00e4mtliche Funktionen dieser Website vollumf\u00e4nglich nutzen k\u00f6nnen. Sie k\u00f6nnen dar\u00fcber\u00a0hinaus die Erfassung der durch das Cookie erzeugten und auf Ihre Nutzung der Website bezogenen Daten (inkl. Ihrer\u00a0IP-Adresse) an Google sowie die Verarbeitung dieser Daten durch Google verhindern, indem sie das unter dem folgenden Link\u00a0verf\u00fcgbare Browser-Add-on herunterladen und installieren: <a href=\"https:\/\/www.google.com\/settings\/ads\/plugin?hl=de\" target=\"_blank\" rel=\"noopener noreferrer\">https:\/\/www.google.com\/settings\/ads\/plugin?hl=de<\/a>. Das\u00a0Browser-Add-on zur Deaktivierung von Google Analytics ist mit Chrome, Internet Explorer, Safari, und Firefox kompatibel.<br \/>\nDar\u00fcber hinaus k\u00f6nnen Sie die Verwendung von Cookies durch Drittanbieter deaktivieren. Hierf\u00fcr folgen Sie\u00a0bitte den Anweisungen der Network Advertising Initiative (<a href=\"http:\/\/www.networkadvertising.org\/choices\/\" target=\"_blank\" rel=\"noopener noreferrer\">http:\/\/www.networkadvertising.org\/choices\/<\/a>).<\/p>\n<p>Weitere Informationen zu Nutzungsbedingungen und Datenschutz von Google Remarketing finden Sie unter folgendem Link:\u00a0<a href=\"http:\/\/www.google.com\/policies\/technologies\/ads\/\" target=\"_blank\" rel=\"noopener noreferrer\">http:\/\/www.google.com\/policies\/technologies\/ads\/<\/a>.<\/p>\n<p><strong>Datenschutzerkl\u00e4rung Google AdWords Conversion-Tracking<\/strong><\/p>\n<p>Auf dieser Website ist das Plugin f\u00fcr die &#8220;Google AdWords Conversion-Tracking&#8221;-Funktion der Google Inc.\u00a0(&#8220;Google&#8221;), 1600 Amphitheatre Parkway, Mountain View, CA 94043, USA implementiert. Hierf\u00fcr werden sog. &#8220;Cookies&#8221;\u00a0(Textdateien), die auf Ihrem Computer gespeichert werden und die eine Analyse der Benutzung der Website durch Sie\u00a0erm\u00f6glichen, wenn Sie auf eine Anzeige von Google geklickt haben, verwendet. Die durch das Cookie erzeugten\u00a0Informationen \u00fcber Ihre Benutzung dieser Website werden f\u00fcr 90 Tage gespeichert. Personalisierte Daten werden\u00a0dabei nicht gespeichert. F\u00fcr die G\u00fcltigkeitsdauer k\u00f6nnen Google und wir als Betreiber erkennen, dass Sie\u00a0eine Anzeige angeklickt haben und zu einer entsprechenden Zielsite gelangt sind. Die gespeicherten Cookies k\u00f6nnen\u00a0nicht \u00fcber mehrere Websites von verschiedenen AdWords-Kunden verfolgt werden. Es werden im Google AdWords-Dienst\u00a0sog. Conversion-Statistiken erhoben, welche die Anzahl der Nutzer, die auf eine Anzeige geklickt haben, erfasst.<br \/>\nZus\u00e4tzlich wird beziffert, wie viele Nutzer zu einer &#8220;Conversion-Tag-Zielsite&#8221; verlinkt wurden.<\/p>\n<p>Sie k\u00f6nnen die Speicherung der Cookies durch eine entsprechende Einstellung Ihrer Browser-Software verhindern;\u00a0wir weisen Sie jedoch darauf hin, dass Sie in diesem Fall gegebenenfalls nicht s\u00e4mtliche Funktionen dieser Website\u00a0vollumf\u00e4nglich nutzen k\u00f6nnen.<\/p>\n<p>Durch die Nutzung dieser Website erkl\u00e4ren Sie sich mit der Bearbeitung der \u00fcber Sie erhobenen Daten durch\u00a0Google in der zuvor beschriebenen Art und Weise und zu dem zuvor benannten Zweck einverstanden.<\/p>\n<p>Weitere Informationen zu Nutzungsbedingungen und Datenschutz finden Sie unter folgenden Links: <a href=\"https:\/\/support.google.com\/adwords\/answer\/93148?ctx=tltp\" target=\"_blank\" rel=\"noopener noreferrer\">https:\/\/support.google.com\/adwords\/answer\/93148?ctx=tltp<\/a>\u00a0und <a href=\"http:\/\/www.google.de\/policies\/privacy\/\" target=\"_blank\" rel=\"noopener noreferrer\">http:\/\/www.google.de\/policies\/privacy\/<\/a>.<\/p>\n<p><strong>Disclaimer (Haftungsausschluss)<\/strong><\/p>\n<p><strong>1. Haftung f\u00fcr Inhalte<\/strong><\/p>\n<p>Als Diensteanbieter sind wir gem\u00e4\u00df \u00a7 7 Abs. 1 TMG f\u00fcr eigene Inhalte auf diesen Seiten nach den\u00a0allgemeinen Gesetzen verantwortlich. Nach \u00a7\u00a7 8 bis 10 TMG sind wir als Diensteanbieter jedoch nicht\u00a0verpflichtet, \u00fcbermittelte oder gespeicherte fremde Informationen zu \u00fcberwachen oder nach Umst\u00e4nden zu\u00a0forschen, die auf eine rechtswidrige T\u00e4tigkeit hinweisen. Verpflichtungen zur Entfernung oder Sperrung der Nutzung<br \/>\nvon Informationen nach den allgemeinen Gesetzen bleiben hiervon unber\u00fchrt. Eine diesbez\u00fcgliche Haftung ist\u00a0jedoch erst ab dem Zeitpunkt der Kenntnis einer konkreten Rechtsverletzung m\u00f6glich. Bei Bekanntwerden von<br \/>\nentsprechenden Rechtsverletzungen werden wir diese Inhalte umgehend entfernen.<\/p>\n<p><strong>2. Haftung f\u00fcr Links<\/strong><\/p>\n<p>Diese Website enth\u00e4lt Links zu externen Webseiten Dritter, auf deren Inhalte kein Einfluss genommen werden kann.\u00a0Deshalb kann f\u00fcr diese fremden Inhalte auch keine Gew\u00e4hr \u00fcbernommen werden. F\u00fcr die Inhalte der<br \/>\nverlinkten Seiten ist stets der jeweilige Anbieter oder Betreiber der Seiten verantwortlich. Die verlinkten Seiten wurden\u00a0zum Zeitpunkt der Verlinkung auf m\u00f6gliche Rechtsverst\u00f6\u00dfe \u00fcberpr\u00fcft. Rechtswidrige Inhalte waren<br \/>\nzum Zeitpunkt der Verlinkung nicht erkennbar. Eine permanente inhaltliche Kontrolle der verlinkten Seiten ist jedoch ohne\u00a0konkrete Anhaltspunkte einer Rechtsverletzung nicht zumutbar. Bei Bekanntwerden von Rechtsverletzungen werden derartige\u00a0Links umgehend von dieser Website auf die rechtsverletzende Site entfernen.<\/p>\n<p><strong>3. Urheberrecht<\/strong><\/p>\n<p>Die durch die Diensteanbieter, deren Mitarbeiter und beauftragte Dritte erstellten Inhalte und Werke auf diesen Seiten\u00a0unterliegen dem deutschen Urheberrecht. Die Vervielf\u00e4ltigung, Bearbeitung, Verbreitung und jede Art der Verwertung\u00a0au\u00dferhalb der Grenzen des Urheberrechtes bed\u00fcrfen der vorherigen schriftlichen Zustimmung des jeweiligen Autors\u00a0bzw. Erstellers. Downloads und Kopien dieser Seite sind nur f\u00fcr den privaten, nicht kommerziellen Gebrauch\u00a0gestattet. Soweit die Inhalte auf dieser Seite nicht vom Betreiber erstellt wurden, werden die Urheberrechte Dritter\u00a0beachtet. Insbesondere werden Inhalte Dritter als solche gekennzeichnet. Sollten Sie trotzdem auf eine\u00a0Urheberrechtsverletzung aufmerksam werden, bitten wir um einen entsprechenden Hinweis. Bei Bekanntwerden von\u00a0Rechtsverletzungen werden derartige Inhalte umgehend entfernen.<\/p>\n<p>Dieses Impressum wurde mit Hilfe des <a href=\"http:\/\/www.hensche.de\/impressumsgenerator.jsp\" target=\"_blank\" rel=\"noopener noreferrer\">Impressumsgenerators<\/a> von <a href=\"http:\/\/www.hensche.de\/Rechtsanwalt_Arbeitsrecht_Stuttgart.html\" target=\"_blank\" rel=\"noopener noreferrer\">HENSCHE Rechtsanw\u00e4lte<\/a> erstellt.<\/p>\n<p>Gestaltung und Wartung der Seite <a href=\"http:\/\/www.artisign.de\">www.artisign.de<\/a><\/p>\n","protected":false},"excerpt":{"rendered":"<p>Impressum Sabine R\u00fcdiger Sallegg 16 8524 Bad Gams\u00a0 \u00a0\u00d6sterreich 0043 677 64283708 Atelier.sere@gmail.com Disclaimer &#8211; rechtliche Hinweise Auskunfts- und Widerrufsrecht Sie haben jederzeit das Recht, sich unentgeltlich und unverz\u00fcglich \u00fcber die zu Ihrer Person erhobenen Daten\u00a0zu erkundigen. Ebenfalls k\u00f6nnen Sie Ihre Zustimmung zur Verwendung Ihrer angegebenen pers\u00f6nlichen Daten mit\u00a0Wirkung f\u00fcr die Zukunft widerrufen. Hierf\u00fcr wenden [&hellip;]<\/p>\n","protected":false},"author":1,"featured_media":0,"parent":0,"menu_order":0,"comment_status":"closed","ping_status":"closed","template":"","meta":{"footnotes":""},"_links":{"self":[{"href":"https:\/\/atelier-sere.de\/index.php?rest_route=\/wp\/v2\/pages\/11"}],"collection":[{"href":"https:\/\/atelier-sere.de\/index.php?rest_route=\/wp\/v2\/pages"}],"about":[{"href":"https:\/\/atelier-sere.de\/index.php?rest_route=\/wp\/v2\/types\/page"}],"author":[{"embeddable":true,"href":"https:\/\/atelier-sere.de\/index.php?rest_route=\/wp\/v2\/users\/1"}],"replies":[{"embeddable":true,"href":"https:\/\/atelier-sere.de\/index.php?rest_route=%2Fwp%2Fv2%2Fcomments&post=11"}],"version-history":[{"count":13,"href":"https:\/\/atelier-sere.de\/index.php?rest_route=\/wp\/v2\/pages\/11\/revisions"}],"predecessor-version":[{"id":904,"href":"https:\/\/atelier-sere.de\/index.php?rest_route=\/wp\/v2\/pages\/11\/revisions\/904"}],"wp:attachment":[{"href":"https:\/\/atelier-sere.de\/index.php?rest_route=%2Fwp%2Fv2%2Fmedia&parent=11"}],"curies":[{"name":"wp","href":"https:\/\/api.w.org\/{rel}","templated":true}]}}